{"id":1318,"date":"2021-11-21T15:12:46","date_gmt":"2021-11-21T15:12:46","guid":{"rendered":"https:\/\/otakarbrenner.cz\/?page_id=1318"},"modified":"2024-10-24T11:33:11","modified_gmt":"2024-10-24T11:33:11","slug":"home","status":"publish","type":"page","link":"https:\/\/otakarbrenner.cz\/","title":{"rendered":"Home"},"content":{"rendered":"\t\t<div data-elementor-type=\"wp-page\" data-elementor-id=\"1318\" class=\"elementor elementor-1318\">\n\t\t\t\t\t\t\t\t\t<section class=\"elementor-section elementor-top-section elementor-element elementor-element-63964da elementor-section-boxed elementor-section-height-default elementor-section-height-default\" data-id=\"63964da\" data-element_type=\"section\">\n\t\t\t\t\t\t<div class=\"elementor-container elementor-column-gap-default\">\n\t\t\t\t\t<div class=\"elementor-column elementor-col-100 elementor-top-column elementor-element elementor-element-c1bde98\" data-id=\"c1bde98\" data-element_type=\"column\">\n\t\t\t<div class=\"elementor-widget-wrap elementor-element-populated\">\n\t\t\t\t\t\t\t\t<div class=\"elementor-element elementor-element-c67a39a elementor-widget elementor-widget-heading\" data-id=\"c67a39a\" data-element_type=\"widget\" data-widget_type=\"heading.default\">\n\t\t\t\t<div class=\"elementor-widget-container\">\n\t\t\t<style>\/*! elementor - v3.11.1 - 15-02-2023 *\/\n.elementor-heading-title{padding:0;margin:0;line-height:1}.elementor-widget-heading .elementor-heading-title[class*=elementor-size-]>a{color:inherit;font-size:inherit;line-height:inherit}.elementor-widget-heading .elementor-heading-title.elementor-size-small{font-size:15px}.elementor-widget-heading .elementor-heading-title.elementor-size-medium{font-size:19px}.elementor-widget-heading .elementor-heading-title.elementor-size-large{font-size:29px}.elementor-widget-heading .elementor-heading-title.elementor-size-xl{font-size:39px}.elementor-widget-heading .elementor-heading-title.elementor-size-xxl{font-size:59px}<\/style><h2 class=\"elementor-heading-title elementor-size-default\"><a href=\"https:\/\/otakarbrenner.cz\/\">Z\u00e1konitosti \u017eivota v\u010delstva<\/a><\/h2>\t\t<\/div>\n\t\t\t\t<\/div>\n\t\t\t\t<div class=\"elementor-element elementor-element-30fc4a8 elementor-widget elementor-widget-text-editor\" data-id=\"30fc4a8\" data-element_type=\"widget\" data-widget_type=\"text-editor.default\">\n\t\t\t\t<div class=\"elementor-widget-container\">\n\t\t\t<style>\/*! elementor - v3.11.1 - 15-02-2023 *\/\n.elementor-widget-text-editor.elementor-drop-cap-view-stacked .elementor-drop-cap{background-color:#818a91;color:#fff}.elementor-widget-text-editor.elementor-drop-cap-view-framed .elementor-drop-cap{color:#818a91;border:3px solid;background-color:transparent}.elementor-widget-text-editor:not(.elementor-drop-cap-view-default) .elementor-drop-cap{margin-top:8px}.elementor-widget-text-editor:not(.elementor-drop-cap-view-default) .elementor-drop-cap-letter{width:1em;height:1em}.elementor-widget-text-editor .elementor-drop-cap{float:left;text-align:center;line-height:1;font-size:50px}.elementor-widget-text-editor .elementor-drop-cap-letter{display:inline-block}<\/style>\t\t\t\t<p style=\"text-align: left;\">Reprint p\u016fvodn\u00edho vyd\u00e1n\u00ed <br> z roku 1969<\/p>\t\t\t\t\t\t<\/div>\n\t\t\t\t<\/div>\n\t\t\t\t<div class=\"elementor-element elementor-element-61c33f9 elementor-widget elementor-widget-image\" data-id=\"61c33f9\" data-element_type=\"widget\" data-widget_type=\"image.default\">\n\t\t\t\t<div class=\"elementor-widget-container\">\n\t\t\t<style>\/*! elementor - v3.11.1 - 15-02-2023 *\/\n.elementor-widget-image{text-align:center}.elementor-widget-image a{display:inline-block}.elementor-widget-image a img[src$=\".svg\"]{width:48px}.elementor-widget-image img{vertical-align:middle;display:inline-block}<\/style>\t\t\t\t\t\t\t\t\t\t\t\t<img src=\"https:\/\/otakarbrenner.cz\/wp-content\/uploads\/2024\/10\/vyprodano-4.png\" title=\"vyprodano\" alt=\"vyprodano\" loading=\"lazy\" \/>\t\t\t\t\t\t\t\t\t\t\t\t\t\t\t<\/div>\n\t\t\t\t<\/div>\n\t\t\t\t<section class=\"elementor-section elementor-inner-section elementor-element elementor-element-84c2ca0 elementor-section-boxed elementor-section-height-default elementor-section-height-default\" data-id=\"84c2ca0\" data-element_type=\"section\">\n\t\t\t\t\t\t<div class=\"elementor-container elementor-column-gap-default\">\n\t\t\t\t\t<div class=\"elementor-column elementor-col-50 elementor-inner-column elementor-element elementor-element-17568df\" data-id=\"17568df\" data-element_type=\"column\">\n\t\t\t<div class=\"elementor-widget-wrap elementor-element-populated\">\n\t\t\t\t\t\t\t\t<div class=\"elementor-element elementor-element-827a514 elementor-widget elementor-widget-text-editor\" data-id=\"827a514\" data-element_type=\"widget\" data-widget_type=\"text-editor.default\">\n\t\t\t\t<div class=\"elementor-widget-container\">\n\t\t\t\t\t\t\t<p>Motto:<\/p><p>V\u011bt\u0161ina chovatel\u016f se zaj\u00edm\u00e1 v\u00fdhradn\u011b o to, jak se ur\u010dit\u00fd z\u00e1krok prov\u00e1d\u00ed, ale nestar\u00e1 se, pro\u010d se tak d\u011bje, a\u010dkoliv zn\u00e1t p\u0159\u00ed\u010dinu je mnohem d\u016fle\u017eit\u011bj\u0161\u00ed.<\/p>\t\t\t\t\t\t<\/div>\n\t\t\t\t<\/div>\n\t\t\t\t\t<\/div>\n\t\t<\/div>\n\t\t\t\t<div class=\"elementor-column elementor-col-50 elementor-inner-column elementor-element elementor-element-90ad6eb\" data-id=\"90ad6eb\" data-element_type=\"column\">\n\t\t\t<div class=\"elementor-widget-wrap elementor-element-populated\">\n\t\t\t\t\t\t\t\t<div class=\"elementor-element elementor-element-b4d419c elementor-widget elementor-widget-image\" data-id=\"b4d419c\" data-element_type=\"widget\" data-widget_type=\"image.default\">\n\t\t\t\t<div class=\"elementor-widget-container\">\n\t\t\t\t\t\t\t\t\t\t\t\t\t\t\t<img width=\"300\" height=\"124\" src=\"https:\/\/otakarbrenner.cz\/wp-content\/uploads\/2022\/10\/podpis-e1667411017828-300x124.jpg\" class=\"attachment-medium size-medium wp-image-1606\" alt=\"\" loading=\"lazy\" srcset=\"https:\/\/otakarbrenner.cz\/wp-content\/uploads\/2022\/10\/podpis-e1667411017828-300x124.jpg 300w, https:\/\/otakarbrenner.cz\/wp-content\/uploads\/2022\/10\/podpis-e1667411017828.jpg 643w\" sizes=\"(max-width: 300px) 100vw, 300px\" \/>\t\t\t\t\t\t\t\t\t\t\t\t\t\t\t<\/div>\n\t\t\t\t<\/div>\n\t\t\t\t\t<\/div>\n\t\t<\/div>\n\t\t\t\t\t\t\t<\/div>\n\t\t<\/section>\n\t\t\t\t<div class=\"elementor-element elementor-element-04493a9 elementor-widget elementor-widget-text-editor\" data-id=\"04493a9\" data-element_type=\"widget\" data-widget_type=\"text-editor.default\">\n\t\t\t\t<div class=\"elementor-widget-container\">\n\t\t\t\t\t\t\t<p>Kniha je v sou\u010dasnosti vyprodan\u00e1.<\/p>\t\t\t\t\t\t<\/div>\n\t\t\t\t<\/div>\n\t\t\t\t<div class=\"elementor-element elementor-element-588a848 elementor-widget-divider--view-line elementor-widget elementor-widget-divider\" data-id=\"588a848\" data-element_type=\"widget\" data-widget_type=\"divider.default\">\n\t\t\t\t<div class=\"elementor-widget-container\">\n\t\t\t<style>\/*! elementor - v3.11.1 - 15-02-2023 *\/\n.elementor-widget-divider{--divider-border-style:none;--divider-border-width:1px;--divider-color:#2c2c2c;--divider-icon-size:20px;--divider-element-spacing:10px;--divider-pattern-height:24px;--divider-pattern-size:20px;--divider-pattern-url:none;--divider-pattern-repeat:repeat-x}.elementor-widget-divider .elementor-divider{display:flex}.elementor-widget-divider .elementor-divider__text{font-size:15px;line-height:1;max-width:95%}.elementor-widget-divider .elementor-divider__element{margin:0 var(--divider-element-spacing);flex-shrink:0}.elementor-widget-divider .elementor-icon{font-size:var(--divider-icon-size)}.elementor-widget-divider .elementor-divider-separator{display:flex;margin:0;direction:ltr}.elementor-widget-divider--view-line_icon .elementor-divider-separator,.elementor-widget-divider--view-line_text .elementor-divider-separator{align-items:center}.elementor-widget-divider--view-line_icon .elementor-divider-separator:after,.elementor-widget-divider--view-line_icon .elementor-divider-separator:before,.elementor-widget-divider--view-line_text .elementor-divider-separator:after,.elementor-widget-divider--view-line_text .elementor-divider-separator:before{display:block;content:\"\";border-bottom:0;flex-grow:1;border-top:var(--divider-border-width) var(--divider-border-style) var(--divider-color)}.elementor-widget-divider--element-align-left .elementor-divider .elementor-divider-separator>.elementor-divider__svg:first-of-type{flex-grow:0;flex-shrink:100}.elementor-widget-divider--element-align-left .elementor-divider-separator:before{content:none}.elementor-widget-divider--element-align-left .elementor-divider__element{margin-left:0}.elementor-widget-divider--element-align-right .elementor-divider .elementor-divider-separator>.elementor-divider__svg:last-of-type{flex-grow:0;flex-shrink:100}.elementor-widget-divider--element-align-right .elementor-divider-separator:after{content:none}.elementor-widget-divider--element-align-right .elementor-divider__element{margin-right:0}.elementor-widget-divider:not(.elementor-widget-divider--view-line_text):not(.elementor-widget-divider--view-line_icon) .elementor-divider-separator{border-top:var(--divider-border-width) var(--divider-border-style) var(--divider-color)}.elementor-widget-divider--separator-type-pattern{--divider-border-style:none}.elementor-widget-divider--separator-type-pattern.elementor-widget-divider--view-line .elementor-divider-separator,.elementor-widget-divider--separator-type-pattern:not(.elementor-widget-divider--view-line) .elementor-divider-separator:after,.elementor-widget-divider--separator-type-pattern:not(.elementor-widget-divider--view-line) .elementor-divider-separator:before,.elementor-widget-divider--separator-type-pattern:not([class*=elementor-widget-divider--view]) .elementor-divider-separator{width:100%;min-height:var(--divider-pattern-height);-webkit-mask-size:var(--divider-pattern-size) 100%;mask-size:var(--divider-pattern-size) 100%;-webkit-mask-repeat:var(--divider-pattern-repeat);mask-repeat:var(--divider-pattern-repeat);background-color:var(--divider-color);-webkit-mask-image:var(--divider-pattern-url);mask-image:var(--divider-pattern-url)}.elementor-widget-divider--no-spacing{--divider-pattern-size:auto}.elementor-widget-divider--bg-round{--divider-pattern-repeat:round}.rtl .elementor-widget-divider .elementor-divider__text{direction:rtl}.e-con-inner>.elementor-widget-divider,.e-con>.elementor-widget-divider{width:var(--container-widget-width,100%);--flex-grow:var(--container-widget-flex-grow)}<\/style>\t\t<div class=\"elementor-divider\">\n\t\t\t<span class=\"elementor-divider-separator\">\n\t\t\t\t\t\t<\/span>\n\t\t<\/div>\n\t\t\t\t<\/div>\n\t\t\t\t<\/div>\n\t\t\t\t<section class=\"elementor-section elementor-inner-section elementor-element elementor-element-f36aff8 elementor-section-full_width elementor-section-content-top elementor-section-height-default elementor-section-height-default\" data-id=\"f36aff8\" data-element_type=\"section\">\n\t\t\t\t\t\t<div class=\"elementor-container elementor-column-gap-default\">\n\t\t\t\t\t<div class=\"elementor-column elementor-col-100 elementor-inner-column elementor-element elementor-element-b537a01\" data-id=\"b537a01\" data-element_type=\"column\">\n\t\t\t<div class=\"elementor-widget-wrap elementor-element-populated\">\n\t\t\t\t\t\t\t\t<div class=\"elementor-element elementor-element-8064233 elementor-widget elementor-widget-html\" data-id=\"8064233\" data-element_type=\"widget\" data-widget_type=\"html.default\">\n\t\t\t\t<div class=\"elementor-widget-container\">\n\t\t\t<div style=\"text-align:center\">\n<p style=\"font-size:20px;display:inline\"><a style=\"color:#C74E1F\" href=\"\">AUDIO<\/a><\/p>\n<p style=\"font-size:20px;padding:0px 100px;color:#C74E1F; display:inline\"><a style=\"color:#C74E1F\" href=\"https:\/\/otakarbrenner.cz\/?page_id=1417\">KNIHOVNA<\/a><\/p>\n<p style=\"font-size:20px;color:#C74E1F; display:inline\"><a style=\"color:#C74E1F\" href=\"https:\/\/otakarbrenner.cz\/?page_id=1735\">GALERIE<\/a><\/p>    \n<\/div>\n\t\t<\/div>\n\t\t\t\t<\/div>\n\t\t\t\t\t<\/div>\n\t\t<\/div>\n\t\t\t\t\t\t\t<\/div>\n\t\t<\/section>\n\t\t\t\t<div class=\"elementor-element elementor-element-dd54617 elementor-widget-divider--view-line elementor-widget elementor-widget-divider\" data-id=\"dd54617\" data-element_type=\"widget\" data-widget_type=\"divider.default\">\n\t\t\t\t<div class=\"elementor-widget-container\">\n\t\t\t\t\t<div class=\"elementor-divider\">\n\t\t\t<span class=\"elementor-divider-separator\">\n\t\t\t\t\t\t<\/span>\n\t\t<\/div>\n\t\t\t\t<\/div>\n\t\t\t\t<\/div>\n\t\t\t\t<section class=\"elementor-section elementor-inner-section elementor-element elementor-element-a9924ef elementor-section-boxed elementor-section-height-default elementor-section-height-default\" data-id=\"a9924ef\" data-element_type=\"section\">\n\t\t\t\t\t\t<div class=\"elementor-container elementor-column-gap-default\">\n\t\t\t\t\t<div class=\"elementor-column elementor-col-50 elementor-inner-column elementor-element elementor-element-5dd137d\" data-id=\"5dd137d\" data-element_type=\"column\">\n\t\t\t<div class=\"elementor-widget-wrap elementor-element-populated\">\n\t\t\t\t\t\t\t\t<div class=\"elementor-element elementor-element-73b5411 elementor-widget elementor-widget-image\" data-id=\"73b5411\" data-element_type=\"widget\" data-widget_type=\"image.default\">\n\t\t\t\t<div class=\"elementor-widget-container\">\n\t\t\t\t\t\t\t\t\t\t\t\t\t\t\t<img width=\"531\" height=\"411\" src=\"https:\/\/otakarbrenner.cz\/wp-content\/uploads\/2022\/11\/image-14.jpg\" class=\"attachment-large size-large wp-image-1701\" alt=\"\" loading=\"lazy\" srcset=\"https:\/\/otakarbrenner.cz\/wp-content\/uploads\/2022\/11\/image-14.jpg 531w, https:\/\/otakarbrenner.cz\/wp-content\/uploads\/2022\/11\/image-14-300x232.jpg 300w\" sizes=\"(max-width: 531px) 100vw, 531px\" \/>\t\t\t\t\t\t\t\t\t\t\t\t\t\t\t<\/div>\n\t\t\t\t<\/div>\n\t\t\t\t\t<\/div>\n\t\t<\/div>\n\t\t\t\t<div class=\"elementor-column elementor-col-50 elementor-inner-column elementor-element elementor-element-fb2f8b3\" data-id=\"fb2f8b3\" data-element_type=\"column\">\n\t\t\t<div class=\"elementor-widget-wrap elementor-element-populated\">\n\t\t\t\t\t\t\t\t<div class=\"elementor-element elementor-element-7b0a004 elementor-widget elementor-widget-text-editor\" data-id=\"7b0a004\" data-element_type=\"widget\" data-widget_type=\"text-editor.default\">\n\t\t\t\t<div class=\"elementor-widget-container\">\n\t\t\t\t\t\t\t<p style=\"font-size: 26px;\">Kdo byl Otakar Brenner<\/p><p>13.7.1886\u201312.7.1975<\/p><p><span style=\"background-color: var(--ast-global-color-5);\">V\u00fdznamn\u00fd p\u0159edstavitel \u010desk\u00e9ho v\u010dela\u0159stv\u00ed, v\u00fdzkumn\u00edk a u\u010ditel<\/span><\/p><p>\u00a0<\/p><p>\u2013 narodil se v Praze, ale od roku 1908 \u017eil, v\u010dela\u0159il a p\u016fsobil v Babic\u00edch u \u0158\u00ed\u010dan, kde se stal v\u00fdrazn\u00fdm ob\u010danem (starosta obce, starosta Sokolsk\u00e9 Jednoty)<br \/>\u2013 od roku 1924 u\u010ditel obecn\u00e9 \u0161koly v Babic\u00edch, pozd\u011bji \u0159\u00edd\u00edc\u00ed u\u010ditel tam<br \/>\u2013 dlouholet\u00fd p\u0159edseda V\u010dela\u0159sk\u00e9ho spolku pro \u0158\u00ed\u010dany a okol\u00ed<br \/>\u2013 p\u0159edseda Pra\u017esk\u00e9 v\u010dela\u0159sk\u00e9 \u017dupy a p\u0159edseda Zemsk\u00e9ho \u00dast\u0159ed\u00ed v\u010dela\u0159sk\u00fdch spolk\u016f<br \/>\u2013 dlouholet\u00fd spolupracovn\u00edk v\u010dela\u0159sk\u00fdch \u010dasopis\u016f \u201cV\u010dela\u0159sk\u00e9 Rozhledy\u201d, \u201cV\u010dela\u0159sk\u00fd Obzor\u201d, pozd\u011bji \u0161\u00e9fredaktor \u201c\u010cesk\u00e9ho V\u010dela\u0159e\u201d<br \/>\u2013 zasadil se o z\u0159izov\u00e1n\u00ed pokusn\u00fdch v\u010dela\u0159sk\u00fdch stanic, stal se spr\u00e1vcem plemenn\u00e9ho chovu v\u010del v \u010cech\u00e1ch<br \/>\u2013 autor v\u00edce v\u010dela\u0159sk\u00fdch publikac\u00ed \u201cV\u010dela\u0159ova d\u00edlna\u201d, \u201dP\u0159ezimov\u00e1n\u00ed v\u010delstev\u201d, \u201cV\u010dela\u0159 za\u010d\u00e1te\u010dn\u00edk\u201d, \u201dTlumen\u00ed v\u010del\u00edch n\u00e1kaz\u201d, \u201dN\u00e1stavkov\u00fd \u00fal\u201d<br \/>\u2013 celo\u017eivotn\u00ed poznatky a zku\u0161enosti ze v\u010dela\u0159sk\u00e9ho oboru shrnul v roce 1969 v knize \u201cZ\u00e1konitosti \u017eivota v\u010delstva\u201d, kter\u00e9 vy\u0161ly v reedici v roce 2022 roz\u0161\u00ed\u0159en\u00e9 o fakta a foto \u010d\u00e1st.<br \/>\u2013 byl u\u010ditel a propag\u00e1tor v\u010dela\u0159stv\u00ed, tento obor p\u0159edn\u00e1\u0161el a u\u010dil a\u017e do sv\u00fdch 85 let<br \/>\u2013 s man\u017eelkou Annou ob\u00fdval vilu \u201cMatyldu\u201d\u010d.p.16 v Babic\u00edch do konce jejich \u017eivota v roce 1975<\/p>\t\t\t\t\t\t<\/div>\n\t\t\t\t<\/div>\n\t\t\t\t\t<\/div>\n\t\t<\/div>\n\t\t\t\t\t\t\t<\/div>\n\t\t<\/section>\n\t\t\t\t<div class=\"elementor-element elementor-element-573a49e elementor-widget elementor-widget-text-editor\" data-id=\"573a49e\" data-element_type=\"widget\" data-widget_type=\"text-editor.default\">\n\t\t\t\t<div class=\"elementor-widget-container\">\n\t\t\t\t\t\t\t<p style=\"text-align: center;\">Autentick\u00e1 nahr\u00e1vka jeho p\u0159edn\u00e1\u0161ky z r. 1966 &#8220;V\u010dela\u0159sk\u00e9 zaj\u00edmavosti&#8221;,<\/p><p style=\"text-align: center;\">kter\u00e1 je sou\u010d\u00e1st\u00ed reprintu. Heslo k jej\u00edmu otev\u0159en\u00ed v zadn\u00ed \u010d\u00e1sti knihy.<\/p>\t\t\t\t\t\t<\/div>\n\t\t\t\t<\/div>\n\t\t\t\t\t<\/div>\n\t\t<\/div>\n\t\t\t\t\t\t\t<\/div>\n\t\t<\/section>\n\t\t\t\t<section class=\"elementor-section elementor-top-section elementor-element elementor-element-8209771 elementor-section-boxed elementor-section-height-default elementor-section-height-default\" data-id=\"8209771\" data-element_type=\"section\">\n\t\t\t\t\t\t<div class=\"elementor-container elementor-column-gap-default\">\n\t\t\t\t\t<div class=\"elementor-column elementor-col-100 elementor-top-column elementor-element elementor-element-38c543b labelcentered\" data-id=\"38c543b\" data-element_type=\"column\">\n\t\t\t<div class=\"elementor-widget-wrap elementor-element-populated\">\n\t\t\t\t\t\t\t\t<div class=\"elementor-element elementor-element-642a9f8 elementor-widget__width-auto labelcentered elementor-widget elementor-widget-html\" data-id=\"642a9f8\" data-element_type=\"widget\" data-widget_type=\"html.default\">\n\t\t\t\t<div class=\"elementor-widget-container\">\n\t\t\t<audio id=\"prednaska\" style=\"width: 500px;\" controls=\"controls\">\r\n<source src=\"http:\/\/otakarbrenner.cz\/wp-content\/uploads\/2022\/10\/P\u0159edn\u00e1\u0161ka-Otakar Brenner.mp3\" type=\"audio\/mpeg\" \/>\r\nYour browser does not support the audio element.\r\n<\/audio>\r\n\r\n<div id=\"form\">\r\n<input type=\"password\" id=\"password\" id=\"pass\" name=\"password\" placeholder=\"HESLO\" style=\"height:49px\" required>\r\n<input type=\"submit\"  style=\"margin-left:25px; height:50px; background-color:#C74E1F; color:white;font-size:19px\"  onclick=\"checkPassword()\" value=\"ENTER\">\r\n<\/div>\r\n\r\n<p id=\"spatneHeslo\" style=\"display:none;text-align:center; color:#F53E16; margin: 15px 0px 0px 0px;\">Zadejte pros\u00edm spr\u00e1vn\u00e9 heslo,<br\/>kter\u00e9 nalezn\u011bte v nov\u011b vydan\u00e9 knize<br>\"Z\u00e1konitosti \u017eivota v\u010delstva\"<\/p>\r\n\r\n<script>\r\n    prednasha = document.getElementById(\"prednaska\");\r\n    \r\n    prednaska.style.display = \"none\";\r\n    \r\n    function checkPassword() {\r\n        if (document.getElementById(\"password\").value === \"OB1271885AB\") {\r\n            form = document.getElementById(\"form\");\r\n            form.style.display = \"none\";\r\n            prednaska.style.display = \"block\";\r\n            document.getElementById(\"spatneHeslo\").style.display = \"none\";\r\n        } else {\r\n            document.getElementById(\"spatneHeslo\").style.display = \"block\";\r\n        }\r\n    }\r\n    \r\n<\/script>\t\t<\/div>\n\t\t\t\t<\/div>\n\t\t\t\t<div class=\"elementor-element elementor-element-e9f11cd elementor-widget elementor-widget-spacer\" data-id=\"e9f11cd\" data-element_type=\"widget\" data-widget_type=\"spacer.default\">\n\t\t\t\t<div class=\"elementor-widget-container\">\n\t\t\t<style>\/*! elementor - v3.11.1 - 15-02-2023 *\/\n.elementor-column .elementor-spacer-inner{height:var(--spacer-size)}.e-con{--container-widget-width:100%}.e-con-inner>.elementor-widget-spacer,.e-con>.elementor-widget-spacer{width:var(--container-widget-width,var(--spacer-size));--align-self:var(--container-widget-align-self,initial);--flex-shrink:0}.e-con-inner>.elementor-widget-spacer>.elementor-widget-container,.e-con-inner>.elementor-widget-spacer>.elementor-widget-container>.elementor-spacer,.e-con>.elementor-widget-spacer>.elementor-widget-container,.e-con>.elementor-widget-spacer>.elementor-widget-container>.elementor-spacer{height:100%}.e-con-inner>.elementor-widget-spacer>.elementor-widget-container>.elementor-spacer>.elementor-spacer-inner,.e-con>.elementor-widget-spacer>.elementor-widget-container>.elementor-spacer>.elementor-spacer-inner{height:var(--container-widget-height,var(--spacer-size))}<\/style>\t\t<div class=\"elementor-spacer\">\n\t\t\t<div class=\"elementor-spacer-inner\"><\/div>\n\t\t<\/div>\n\t\t\t\t<\/div>\n\t\t\t\t<\/div>\n\t\t\t\t<div class=\"elementor-element elementor-element-703a339 elementor-align-center elementor-widget elementor-widget-button\" data-id=\"703a339\" data-element_type=\"widget\" data-widget_type=\"button.default\">\n\t\t\t\t<div class=\"elementor-widget-container\">\n\t\t\t\t\t<div class=\"elementor-button-wrapper\">\n\t\t\t<a href=\"https:\/\/otakarbrenner.cz\/?page_id=1417\" class=\"elementor-button-link elementor-button elementor-size-sm\" role=\"button\">\n\t\t\t\t\t\t<span class=\"elementor-button-content-wrapper\">\n\t\t\t\t\t\t<span class=\"elementor-button-text\">Knihovna<\/span>\n\t\t<\/span>\n\t\t\t\t\t<\/a>\n\t\t<\/div>\n\t\t\t\t<\/div>\n\t\t\t\t<\/div>\n\t\t\t\t\t<\/div>\n\t\t<\/div>\n\t\t\t\t\t\t\t<\/div>\n\t\t<\/section>\n\t\t\t\t\t\t\t<\/div>\n\t\t","protected":false},"excerpt":{"rendered":"<p>Z\u00e1konitosti \u017eivota v\u010delstva Reprint p\u016fvodn\u00edho vyd\u00e1n\u00ed z roku 1969 Motto: V\u011bt\u0161ina chovatel\u016f se zaj\u00edm\u00e1 v\u00fdhradn\u011b o to, jak se ur\u010dit\u00fd z\u00e1krok prov\u00e1d\u00ed, ale nestar\u00e1 se, pro\u010d se tak d\u011bje, a\u010dkoliv zn\u00e1t p\u0159\u00ed\u010dinu je mnohem d\u016fle\u017eit\u011bj\u0161\u00ed. Kniha je v sou\u010dasnosti vyprodan\u00e1. AUDIO KNIHOVNA GALERIE Kdo byl Otakar Brenner 13.7.1886\u201312.7.1975 V\u00fdznamn\u00fd p\u0159edstavitel \u010desk\u00e9ho v\u010dela\u0159stv\u00ed, v\u00fdzkumn\u00edk a u\u010ditel &hellip;<\/p>\n<p class=\"read-more\"> <a class=\"\" href=\"https:\/\/otakarbrenner.cz\/\"> <span class=\"screen-reader-text\">Home<\/span> Read More &raquo;<\/a><\/p>\n","protected":false},"author":1,"featured_media":0,"parent":0,"menu_order":0,"comment_status":"closed","ping_status":"closed","template":"","meta":{"site-sidebar-layout":"no-sidebar","site-content-layout":"page-builder","ast-global-header-display":"","ast-main-header-display":"","ast-hfb-above-header-display":"","ast-hfb-below-header-display":"","ast-hfb-mobile-header-display":"","site-post-title":"disabled","ast-breadcrumbs-content":"","ast-featured-img":"disabled","footer-sml-layout":"","theme-transparent-header-meta":"enabled","adv-header-id-meta":"","stick-header-meta":"","header-above-stick-meta":"","header-main-stick-meta":"","header-below-stick-meta":""},"aioseo_notices":[],"_links":{"self":[{"href":"https:\/\/otakarbrenner.cz\/index.php?rest_route=\/wp\/v2\/pages\/1318"}],"collection":[{"href":"https:\/\/otakarbrenner.cz\/index.php?rest_route=\/wp\/v2\/pages"}],"about":[{"href":"https:\/\/otakarbrenner.cz\/index.php?rest_route=\/wp\/v2\/types\/page"}],"author":[{"embeddable":true,"href":"https:\/\/otakarbrenner.cz\/index.php?rest_route=\/wp\/v2\/users\/1"}],"replies":[{"embeddable":true,"href":"https:\/\/otakarbrenner.cz\/index.php?rest_route=%2Fwp%2Fv2%2Fcomments&post=1318"}],"version-history":[{"count":328,"href":"https:\/\/otakarbrenner.cz\/index.php?rest_route=\/wp\/v2\/pages\/1318\/revisions"}],"predecessor-version":[{"id":1811,"href":"https:\/\/otakarbrenner.cz\/index.php?rest_route=\/wp\/v2\/pages\/1318\/revisions\/1811"}],"wp:attachment":[{"href":"https:\/\/otakarbrenner.cz\/index.php?rest_route=%2Fwp%2Fv2%2Fmedia&parent=1318"}],"curies":[{"name":"wp","href":"https:\/\/api.w.org\/{rel}","templated":true}]}}