{"id":1417,"date":"2022-10-21T12:22:37","date_gmt":"2022-10-21T12:22:37","guid":{"rendered":"https:\/\/otakarbrenner.cz\/?page_id=1417"},"modified":"2022-11-07T11:39:12","modified_gmt":"2022-11-07T11:39:12","slug":"knihovna","status":"publish","type":"page","link":"https:\/\/otakarbrenner.cz\/?page_id=1417","title":{"rendered":"Knihovna"},"content":{"rendered":"\t\t<div data-elementor-type=\"wp-page\" data-elementor-id=\"1417\" class=\"elementor elementor-1417\">\n\t\t\t\t\t\t\t\t\t<section class=\"elementor-section elementor-top-section elementor-element elementor-element-64a6e50 elementor-section-boxed elementor-section-height-default elementor-section-height-default\" data-id=\"64a6e50\" data-element_type=\"section\">\n\t\t\t\t\t\t<div class=\"elementor-container elementor-column-gap-default\">\n\t\t\t\t\t<div class=\"elementor-column elementor-col-100 elementor-top-column elementor-element elementor-element-85db640\" data-id=\"85db640\" data-element_type=\"column\">\n\t\t\t<div class=\"elementor-widget-wrap elementor-element-populated\">\n\t\t\t\t\t\t\t\t<div class=\"elementor-element elementor-element-0c18913 elementor-widget elementor-widget-heading\" data-id=\"0c18913\" data-element_type=\"widget\" data-widget_type=\"heading.default\">\n\t\t\t\t<div class=\"elementor-widget-container\">\n\t\t\t<style>\/*! elementor - v3.11.1 - 15-02-2023 *\/\n.elementor-heading-title{padding:0;margin:0;line-height:1}.elementor-widget-heading .elementor-heading-title[class*=elementor-size-]>a{color:inherit;font-size:inherit;line-height:inherit}.elementor-widget-heading .elementor-heading-title.elementor-size-small{font-size:15px}.elementor-widget-heading .elementor-heading-title.elementor-size-medium{font-size:19px}.elementor-widget-heading .elementor-heading-title.elementor-size-large{font-size:29px}.elementor-widget-heading .elementor-heading-title.elementor-size-xl{font-size:39px}.elementor-widget-heading .elementor-heading-title.elementor-size-xxl{font-size:59px}<\/style><h2 class=\"elementor-heading-title elementor-size-default\"> Publikace z poz\u016fstalosti autora i s jeho pozn\u00e1mkami<\/h2>\t\t<\/div>\n\t\t\t\t<\/div>\n\t\t\t\t<section class=\"elementor-section elementor-inner-section elementor-element elementor-element-364271e elementor-section-boxed elementor-section-height-default elementor-section-height-default\" data-id=\"364271e\" data-element_type=\"section\">\n\t\t\t\t\t\t<div class=\"elementor-container elementor-column-gap-default\">\n\t\t\t\t\t<div class=\"elementor-column elementor-col-50 elementor-inner-column elementor-element elementor-element-9d59f34\" data-id=\"9d59f34\" data-element_type=\"column\">\n\t\t\t<div class=\"elementor-widget-wrap elementor-element-populated\">\n\t\t\t\t\t\t\t\t<div class=\"elementor-element elementor-element-f629b1c elementor-position-left elementor-vertical-align-top elementor-widget elementor-widget-image-box\" data-id=\"f629b1c\" data-element_type=\"widget\" data-widget_type=\"image-box.default\">\n\t\t\t\t<div class=\"elementor-widget-container\">\n\t\t\t<style>\/*! elementor - v3.11.1 - 15-02-2023 *\/\n.elementor-widget-image-box .elementor-image-box-content{width:100%}@media (min-width:768px){.elementor-widget-image-box.elementor-position-left .elementor-image-box-wrapper,.elementor-widget-image-box.elementor-position-right .elementor-image-box-wrapper{display:flex}.elementor-widget-image-box.elementor-position-right .elementor-image-box-wrapper{text-align:right;flex-direction:row-reverse}.elementor-widget-image-box.elementor-position-left .elementor-image-box-wrapper{text-align:left;flex-direction:row}.elementor-widget-image-box.elementor-position-top .elementor-image-box-img{margin:auto}.elementor-widget-image-box.elementor-vertical-align-top .elementor-image-box-wrapper{align-items:flex-start}.elementor-widget-image-box.elementor-vertical-align-middle .elementor-image-box-wrapper{align-items:center}.elementor-widget-image-box.elementor-vertical-align-bottom .elementor-image-box-wrapper{align-items:flex-end}}@media (max-width:767px){.elementor-widget-image-box .elementor-image-box-img{margin-left:auto!important;margin-right:auto!important;margin-bottom:15px}}.elementor-widget-image-box .elementor-image-box-img{display:inline-block}.elementor-widget-image-box .elementor-image-box-title a{color:inherit}.elementor-widget-image-box .elementor-image-box-wrapper{text-align:center}.elementor-widget-image-box .elementor-image-box-description{margin:0}<\/style><div class=\"elementor-image-box-wrapper\"><figure class=\"elementor-image-box-img\"><a href=\"http:\/\/otakarbrenner.cz\/wp-content\/uploads\/2022\/10\/Tlumeni_vcelich_nakaz.pdf\" target=\"_blank\"><img width=\"199\" height=\"300\" src=\"https:\/\/otakarbrenner.cz\/wp-content\/uploads\/2022\/11\/IMG_8094-e1667820076330-199x300.jpg\" class=\"attachment-medium size-medium wp-image-1722\" alt=\"\" loading=\"lazy\" srcset=\"https:\/\/otakarbrenner.cz\/wp-content\/uploads\/2022\/11\/IMG_8094-e1667820076330-199x300.jpg 199w, https:\/\/otakarbrenner.cz\/wp-content\/uploads\/2022\/11\/IMG_8094-e1667820076330.jpg 617w\" sizes=\"(max-width: 199px) 100vw, 199px\" \/><\/a><\/figure><div class=\"elementor-image-box-content\"><h3 class=\"elementor-image-box-title\"><a href=\"http:\/\/otakarbrenner.cz\/wp-content\/uploads\/2022\/10\/Tlumeni_vcelich_nakaz.pdf\" target=\"_blank\">Tlumen\u00ed v\u010del\u00edch n\u00e1kaz<\/a><\/h3><p class=\"elementor-image-box-description\">V\u010dela\u0159ovy p\u0159\u00edru\u010dky z roku 1941, zab\u00fdvaj\u00edc\u00ed se nemocemi v\u010del\na mimo jin\u00e9 objasn\u011bn\u00ed p\u016fvodu \u201dm\u00e1jovky\u201d, nemoci v\u010del vyskytuj\u00edc\u00ed\nse u nich v kv\u011btnu.<\/p><\/div><\/div>\t\t<\/div>\n\t\t\t\t<\/div>\n\t\t\t\t<div class=\"elementor-element elementor-element-fe5a125 elementor-position-left elementor-vertical-align-top elementor-widget elementor-widget-image-box\" data-id=\"fe5a125\" data-element_type=\"widget\" data-widget_type=\"image-box.default\">\n\t\t\t\t<div class=\"elementor-widget-container\">\n\t\t\t<div class=\"elementor-image-box-wrapper\"><figure class=\"elementor-image-box-img\"><a href=\"http:\/\/otakarbrenner.cz\/wp-content\/uploads\/2022\/10\/Nastavkovy_ul.pdf\" target=\"_blank\"><img width=\"216\" height=\"300\" src=\"https:\/\/otakarbrenner.cz\/wp-content\/uploads\/2022\/11\/IMG_8092-e1667820168637-216x300.jpg\" class=\"attachment-medium size-medium wp-image-1723\" alt=\"\" loading=\"lazy\" srcset=\"https:\/\/otakarbrenner.cz\/wp-content\/uploads\/2022\/11\/IMG_8092-e1667820168637-216x300.jpg 216w, https:\/\/otakarbrenner.cz\/wp-content\/uploads\/2022\/11\/IMG_8092-e1667820168637.jpg 692w\" sizes=\"(max-width: 216px) 100vw, 216px\" \/><\/a><\/figure><div class=\"elementor-image-box-content\"><h3 class=\"elementor-image-box-title\"><a href=\"http:\/\/otakarbrenner.cz\/wp-content\/uploads\/2022\/10\/Nastavkovy_ul.pdf\" target=\"_blank\">N\u00e1stavkov\u00fd \u00fal<\/a><\/h3><p class=\"elementor-image-box-description\">\u201cN\u00e1stavkov\u00fd \u00fal \u201c z hlediska \u017eivota v\u010delstva a jeho z\u00e1konitost\u00ed.\nVyd\u00e1no v roce 1968. P\u0159edstaven\u00ed Brennerova n\u00e1stavkov\u00e9ho \u00falu\na metodu chovu v\u010del v n\u011bm. S jeho typickou r\u00e1mkovou m\u00edrou 30x30cm<\/p><\/div><\/div>\t\t<\/div>\n\t\t\t\t<\/div>\n\t\t\t\t\t<\/div>\n\t\t<\/div>\n\t\t\t\t<div class=\"elementor-column elementor-col-50 elementor-inner-column elementor-element elementor-element-d155314\" data-id=\"d155314\" data-element_type=\"column\">\n\t\t\t<div class=\"elementor-widget-wrap elementor-element-populated\">\n\t\t\t\t\t\t\t\t<div class=\"elementor-element elementor-element-46661c2 elementor-position-left elementor-vertical-align-top elementor-widget elementor-widget-image-box\" data-id=\"46661c2\" data-element_type=\"widget\" data-widget_type=\"image-box.default\">\n\t\t\t\t<div class=\"elementor-widget-container\">\n\t\t\t<div class=\"elementor-image-box-wrapper\"><figure class=\"elementor-image-box-img\"><a href=\"http:\/\/otakarbrenner.cz\/wp-content\/uploads\/2022\/10\/Vcelar_zacatecnik.pdf\" target=\"_blank\"><img width=\"213\" height=\"300\" src=\"https:\/\/otakarbrenner.cz\/wp-content\/uploads\/2022\/11\/IMG_8091-e1667820266123-213x300.jpg\" class=\"attachment-medium size-medium wp-image-1724\" alt=\"\" loading=\"lazy\" srcset=\"https:\/\/otakarbrenner.cz\/wp-content\/uploads\/2022\/11\/IMG_8091-e1667820266123-213x300.jpg 213w, https:\/\/otakarbrenner.cz\/wp-content\/uploads\/2022\/11\/IMG_8091-e1667820266123.jpg 637w\" sizes=\"(max-width: 213px) 100vw, 213px\" \/><\/a><\/figure><div class=\"elementor-image-box-content\"><h3 class=\"elementor-image-box-title\"><a href=\"http:\/\/otakarbrenner.cz\/wp-content\/uploads\/2022\/10\/Vcelar_zacatecnik.pdf\" target=\"_blank\">V\u010dela\u0159 za\u010d\u00e1te\u010dn\u00edk<\/a><\/h3><p class=\"elementor-image-box-description\">Vyd\u00e1no v roce 1940 v r\u00e1mci pod\u00edlen\u00ed se na\ntzv. \u201dV\u010dela\u0159ov\u00fdch p\u0159\u00edru\u010dk\u00e1ch\u201d.\nVe sv\u00e9 dob\u011b nejroz\u0161\u00ed\u0159en\u011bj\u0161\u00ed metodikou praktick\u00fdch v\u010dela\u0159\u016f.<\/p><\/div><\/div>\t\t<\/div>\n\t\t\t\t<\/div>\n\t\t\t\t<div class=\"elementor-element elementor-element-77f4c0d elementor-position-left elementor-vertical-align-top elementor-widget elementor-widget-image-box\" data-id=\"77f4c0d\" data-element_type=\"widget\" data-widget_type=\"image-box.default\">\n\t\t\t\t<div class=\"elementor-widget-container\">\n\t\t\t<div class=\"elementor-image-box-wrapper\"><figure class=\"elementor-image-box-img\"><a href=\"http:\/\/otakarbrenner.cz\/wp-content\/uploads\/2022\/10\/Vcelarova_dilna.pdf\" target=\"_blank\"><img width=\"197\" height=\"300\" src=\"https:\/\/otakarbrenner.cz\/wp-content\/uploads\/2022\/11\/IMG_8090-e1667819996237-197x300.jpg\" class=\"attachment-medium size-medium wp-image-1721\" alt=\"\" loading=\"lazy\" srcset=\"https:\/\/otakarbrenner.cz\/wp-content\/uploads\/2022\/11\/IMG_8090-e1667819996237-197x300.jpg 197w, https:\/\/otakarbrenner.cz\/wp-content\/uploads\/2022\/11\/IMG_8090-e1667819996237.jpg 625w\" sizes=\"(max-width: 197px) 100vw, 197px\" \/><\/a><\/figure><div class=\"elementor-image-box-content\"><h3 class=\"elementor-image-box-title\"><a href=\"http:\/\/otakarbrenner.cz\/wp-content\/uploads\/2022\/10\/Vcelarova_dilna.pdf\" target=\"_blank\">V\u010dela\u0159ova d\u00edlna<\/a><\/h3><p class=\"elementor-image-box-description\">Ro\u0161\u00ed\u0159en\u00e9 vyd\u00e1n\u00ed samostatn\u00e9 p\u0159\u00edlohy <br>\n\u201cV\u010dela\u0159sk\u00e9ho Obzoru\u201d v roce 1936<\/p><\/div><\/div>\t\t<\/div>\n\t\t\t\t<\/div>\n\t\t\t\t\t<\/div>\n\t\t<\/div>\n\t\t\t\t\t\t\t<\/div>\n\t\t<\/section>\n\t\t\t\t<section class=\"elementor-section elementor-inner-section elementor-element elementor-element-86c91cf elementor-section-boxed elementor-section-height-default elementor-section-height-default\" data-id=\"86c91cf\" data-element_type=\"section\">\n\t\t\t\t\t\t<div class=\"elementor-container elementor-column-gap-default\">\n\t\t\t\t\t<div class=\"elementor-column elementor-col-50 elementor-inner-column elementor-element elementor-element-298edd0\" data-id=\"298edd0\" data-element_type=\"column\">\n\t\t\t<div class=\"elementor-widget-wrap elementor-element-populated\">\n\t\t\t\t\t\t\t\t<div class=\"elementor-element elementor-element-16dae10 elementor-position-left elementor-vertical-align-top elementor-widget elementor-widget-image-box\" data-id=\"16dae10\" data-element_type=\"widget\" data-widget_type=\"image-box.default\">\n\t\t\t\t<div class=\"elementor-widget-container\">\n\t\t\t<div class=\"elementor-image-box-wrapper\"><figure class=\"elementor-image-box-img\"><a href=\"http:\/\/otakarbrenner.cz\/wp-content\/uploads\/2022\/10\/Prezimovani_vcel.pdf\" target=\"_blank\"><img width=\"204\" height=\"300\" src=\"https:\/\/otakarbrenner.cz\/wp-content\/uploads\/2022\/11\/IMG_8093-e1667819480693-204x300.jpg\" class=\"attachment-medium size-medium wp-image-1719\" alt=\"\" loading=\"lazy\" srcset=\"https:\/\/otakarbrenner.cz\/wp-content\/uploads\/2022\/11\/IMG_8093-e1667819480693-204x300.jpg 204w, https:\/\/otakarbrenner.cz\/wp-content\/uploads\/2022\/11\/IMG_8093-e1667819480693.jpg 645w\" sizes=\"(max-width: 204px) 100vw, 204px\" \/><\/a><\/figure><div class=\"elementor-image-box-content\"><h3 class=\"elementor-image-box-title\"><a href=\"http:\/\/otakarbrenner.cz\/wp-content\/uploads\/2022\/10\/Prezimovani_vcel.pdf\" target=\"_blank\">P\u0159ezimov\u00e1n\u00ed v\u010delstev<\/a><\/h3><p class=\"elementor-image-box-description\">V\u010dela\u0159ova p\u0159\u00edru\u010dka z roku 1938<\/p><\/div><\/div>\t\t<\/div>\n\t\t\t\t<\/div>\n\t\t\t\t\t<\/div>\n\t\t<\/div>\n\t\t\t\t<div class=\"elementor-column elementor-col-50 elementor-inner-column elementor-element elementor-element-e4e8ace\" data-id=\"e4e8ace\" data-element_type=\"column\">\n\t\t\t<div class=\"elementor-widget-wrap\">\n\t\t\t\t\t\t\t\t\t<\/div>\n\t\t<\/div>\n\t\t\t\t\t\t\t<\/div>\n\t\t<\/section>\n\t\t\t\t<section class=\"elementor-section elementor-inner-section elementor-element elementor-element-3a360e2 elementor-section-boxed elementor-section-height-default elementor-section-height-default\" data-id=\"3a360e2\" data-element_type=\"section\">\n\t\t\t\t\t\t<div class=\"elementor-container elementor-column-gap-default\">\n\t\t\t\t\t<div class=\"elementor-column elementor-col-50 elementor-inner-column elementor-element elementor-element-206b70c\" data-id=\"206b70c\" data-element_type=\"column\">\n\t\t\t<div class=\"elementor-widget-wrap\">\n\t\t\t\t\t\t\t\t\t<\/div>\n\t\t<\/div>\n\t\t\t\t<div class=\"elementor-column elementor-col-50 elementor-inner-column elementor-element elementor-element-3563f57\" data-id=\"3563f57\" data-element_type=\"column\">\n\t\t\t<div class=\"elementor-widget-wrap\">\n\t\t\t\t\t\t\t\t\t<\/div>\n\t\t<\/div>\n\t\t\t\t\t\t\t<\/div>\n\t\t<\/section>\n\t\t\t\t\t<\/div>\n\t\t<\/div>\n\t\t\t\t\t\t\t<\/div>\n\t\t<\/section>\n\t\t\t\t\t\t\t<\/div>\n\t\t","protected":false},"excerpt":{"rendered":"<p>Publikace z poz\u016fstalosti autora i s jeho pozn\u00e1mkami Tlumen\u00ed v\u010del\u00edch n\u00e1kaz V\u010dela\u0159ovy p\u0159\u00edru\u010dky z roku 1941, zab\u00fdvaj\u00edc\u00ed se nemocemi v\u010del a mimo jin\u00e9 objasn\u011bn\u00ed p\u016fvodu \u201dm\u00e1jovky\u201d, nemoci v\u010del vyskytuj\u00edc\u00ed se u nich v kv\u011btnu. N\u00e1stavkov\u00fd \u00fal \u201cN\u00e1stavkov\u00fd \u00fal \u201c z hlediska \u017eivota v\u010delstva a jeho z\u00e1konitost\u00ed. Vyd\u00e1no v roce 1968. P\u0159edstaven\u00ed Brennerova n\u00e1stavkov\u00e9ho \u00falu a &hellip;<\/p>\n<p class=\"read-more\"> <a class=\"\" href=\"https:\/\/otakarbrenner.cz\/?page_id=1417\"> <span class=\"screen-reader-text\">Knihovna<\/span> Read More &raquo;<\/a><\/p>\n","protected":false},"author":1,"featured_media":0,"parent":0,"menu_order":0,"comment_status":"closed","ping_status":"closed","template":"","meta":{"site-sidebar-layout":"no-sidebar","site-content-layout":"page-builder","ast-global-header-display":"","ast-main-header-display":"","ast-hfb-above-header-display":"","ast-hfb-below-header-display":"","ast-hfb-mobile-header-display":"","site-post-title":"disabled","ast-breadcrumbs-content":"","ast-featured-img":"disabled","footer-sml-layout":"","theme-transparent-header-meta":"","adv-header-id-meta":"","stick-header-meta":"","header-above-stick-meta":"","header-main-stick-meta":"","header-below-stick-meta":""},"aioseo_notices":[],"_links":{"self":[{"href":"https:\/\/otakarbrenner.cz\/index.php?rest_route=\/wp\/v2\/pages\/1417"}],"collection":[{"href":"https:\/\/otakarbrenner.cz\/index.php?rest_route=\/wp\/v2\/pages"}],"about":[{"href":"https:\/\/otakarbrenner.cz\/index.php?rest_route=\/wp\/v2\/types\/page"}],"author":[{"embeddable":true,"href":"https:\/\/otakarbrenner.cz\/index.php?rest_route=\/wp\/v2\/users\/1"}],"replies":[{"embeddable":true,"href":"https:\/\/otakarbrenner.cz\/index.php?rest_route=%2Fwp%2Fv2%2Fcomments&post=1417"}],"version-history":[{"count":44,"href":"https:\/\/otakarbrenner.cz\/index.php?rest_route=\/wp\/v2\/pages\/1417\/revisions"}],"predecessor-version":[{"id":1734,"href":"https:\/\/otakarbrenner.cz\/index.php?rest_route=\/wp\/v2\/pages\/1417\/revisions\/1734"}],"wp:attachment":[{"href":"https:\/\/otakarbrenner.cz\/index.php?rest_route=%2Fwp%2Fv2%2Fmedia&parent=1417"}],"curies":[{"name":"wp","href":"https:\/\/api.w.org\/{rel}","templated":true}]}}