{"id":1735,"date":"2022-11-07T11:59:50","date_gmt":"2022-11-07T11:59:50","guid":{"rendered":"https:\/\/otakarbrenner.cz\/?page_id=1735"},"modified":"2022-11-07T12:05:58","modified_gmt":"2022-11-07T12:05:58","slug":"galerie","status":"publish","type":"page","link":"https:\/\/otakarbrenner.cz\/?page_id=1735","title":{"rendered":"Galerie"},"content":{"rendered":"\t\t<div data-elementor-type=\"wp-page\" data-elementor-id=\"1735\" class=\"elementor elementor-1735\">\n\t\t\t\t\t\t\t\t\t<section class=\"elementor-section elementor-top-section elementor-element elementor-element-1bc17b5 elementor-section-boxed elementor-section-height-default elementor-section-height-default\" data-id=\"1bc17b5\" data-element_type=\"section\">\n\t\t\t\t\t\t<div class=\"elementor-container elementor-column-gap-default\">\n\t\t\t\t\t<div class=\"elementor-column elementor-col-100 elementor-top-column elementor-element elementor-element-844443d\" data-id=\"844443d\" data-element_type=\"column\">\n\t\t\t<div class=\"elementor-widget-wrap elementor-element-populated\">\n\t\t\t\t\t\t\t\t<div class=\"elementor-element elementor-element-3578460 elementor-widget elementor-widget-heading\" data-id=\"3578460\" data-element_type=\"widget\" data-widget_type=\"heading.default\">\n\t\t\t\t<div class=\"elementor-widget-container\">\n\t\t\t<style>\/*! elementor - v3.11.1 - 15-02-2023 *\/\n.elementor-heading-title{padding:0;margin:0;line-height:1}.elementor-widget-heading .elementor-heading-title[class*=elementor-size-]>a{color:inherit;font-size:inherit;line-height:inherit}.elementor-widget-heading .elementor-heading-title.elementor-size-small{font-size:15px}.elementor-widget-heading .elementor-heading-title.elementor-size-medium{font-size:19px}.elementor-widget-heading .elementor-heading-title.elementor-size-large{font-size:29px}.elementor-widget-heading .elementor-heading-title.elementor-size-xl{font-size:39px}.elementor-widget-heading .elementor-heading-title.elementor-size-xxl{font-size:59px}<\/style><h2 class=\"elementor-heading-title elementor-size-default\">Galerie<\/h2>\t\t<\/div>\n\t\t\t\t<\/div>\n\t\t\t\t\t<\/div>\n\t\t<\/div>\n\t\t\t\t\t\t\t<\/div>\n\t\t<\/section>\n\t\t\t\t<section class=\"elementor-section elementor-top-section elementor-element elementor-element-540f5e9 elementor-section-boxed elementor-section-height-default elementor-section-height-default\" data-id=\"540f5e9\" data-element_type=\"section\">\n\t\t\t\t\t\t<div class=\"elementor-container elementor-column-gap-default\">\n\t\t\t\t\t<div class=\"elementor-column elementor-col-100 elementor-top-column elementor-element elementor-element-f6cfdca\" data-id=\"f6cfdca\" data-element_type=\"column\">\n\t\t\t<div class=\"elementor-widget-wrap elementor-element-populated\">\n\t\t\t\t\t\t\t\t<section class=\"elementor-section elementor-inner-section elementor-element elementor-element-6e88616 elementor-section-boxed elementor-section-height-default elementor-section-height-default\" data-id=\"6e88616\" data-element_type=\"section\">\n\t\t\t\t\t\t<div class=\"elementor-container elementor-column-gap-default\">\n\t\t\t\t\t<div class=\"elementor-column elementor-col-50 elementor-inner-column elementor-element elementor-element-6d44405\" data-id=\"6d44405\" data-element_type=\"column\">\n\t\t\t<div class=\"elementor-widget-wrap elementor-element-populated\">\n\t\t\t\t\t\t\t\t<div class=\"elementor-element elementor-element-19cb19e elementor-position-top elementor-vertical-align-top elementor-widget elementor-widget-image-box\" data-id=\"19cb19e\" data-element_type=\"widget\" data-widget_type=\"image-box.default\">\n\t\t\t\t<div class=\"elementor-widget-container\">\n\t\t\t<style>\/*! elementor - v3.11.1 - 15-02-2023 *\/\n.elementor-widget-image-box .elementor-image-box-content{width:100%}@media (min-width:768px){.elementor-widget-image-box.elementor-position-left .elementor-image-box-wrapper,.elementor-widget-image-box.elementor-position-right .elementor-image-box-wrapper{display:flex}.elementor-widget-image-box.elementor-position-right .elementor-image-box-wrapper{text-align:right;flex-direction:row-reverse}.elementor-widget-image-box.elementor-position-left .elementor-image-box-wrapper{text-align:left;flex-direction:row}.elementor-widget-image-box.elementor-position-top .elementor-image-box-img{margin:auto}.elementor-widget-image-box.elementor-vertical-align-top .elementor-image-box-wrapper{align-items:flex-start}.elementor-widget-image-box.elementor-vertical-align-middle .elementor-image-box-wrapper{align-items:center}.elementor-widget-image-box.elementor-vertical-align-bottom .elementor-image-box-wrapper{align-items:flex-end}}@media (max-width:767px){.elementor-widget-image-box .elementor-image-box-img{margin-left:auto!important;margin-right:auto!important;margin-bottom:15px}}.elementor-widget-image-box .elementor-image-box-img{display:inline-block}.elementor-widget-image-box .elementor-image-box-title a{color:inherit}.elementor-widget-image-box .elementor-image-box-wrapper{text-align:center}.elementor-widget-image-box .elementor-image-box-description{margin:0}<\/style><div class=\"elementor-image-box-wrapper\"><figure class=\"elementor-image-box-img\"><img width=\"768\" height=\"497\" src=\"https:\/\/otakarbrenner.cz\/wp-content\/uploads\/2022\/11\/brennerovi-768x497.jpg\" class=\"attachment-medium_large size-medium_large wp-image-1739\" alt=\"\" loading=\"lazy\" srcset=\"https:\/\/otakarbrenner.cz\/wp-content\/uploads\/2022\/11\/brennerovi-768x497.jpg 768w, https:\/\/otakarbrenner.cz\/wp-content\/uploads\/2022\/11\/brennerovi-300x194.jpg 300w, https:\/\/otakarbrenner.cz\/wp-content\/uploads\/2022\/11\/brennerovi-1024x663.jpg 1024w, https:\/\/otakarbrenner.cz\/wp-content\/uploads\/2022\/11\/brennerovi-1536x994.jpg 1536w, https:\/\/otakarbrenner.cz\/wp-content\/uploads\/2022\/11\/brennerovi.jpg 2025w\" sizes=\"(max-width: 768px) 100vw, 768px\" \/><\/figure><div class=\"elementor-image-box-content\"><h3 class=\"elementor-image-box-title\">Anna a Otakar Brennerovi v r.1936<\/h3><\/div><\/div>\t\t<\/div>\n\t\t\t\t<\/div>\n\t\t\t\t\t<\/div>\n\t\t<\/div>\n\t\t\t\t<div class=\"elementor-column elementor-col-50 elementor-inner-column elementor-element elementor-element-b777412\" data-id=\"b777412\" data-element_type=\"column\">\n\t\t\t<div class=\"elementor-widget-wrap elementor-element-populated\">\n\t\t\t\t\t\t\t\t<div class=\"elementor-element elementor-element-20c4c1a elementor-position-top elementor-vertical-align-top elementor-widget elementor-widget-image-box\" data-id=\"20c4c1a\" data-element_type=\"widget\" data-widget_type=\"image-box.default\">\n\t\t\t\t<div class=\"elementor-widget-container\">\n\t\t\t<div class=\"elementor-image-box-wrapper\"><figure class=\"elementor-image-box-img\"><a href=\"http:\/\/otakarbrenner.cz\/wp-content\/uploads\/2022\/11\/Brenner_Strom.png\" target=\"_blank\"><img width=\"9183\" height=\"4222\" src=\"https:\/\/otakarbrenner.cz\/wp-content\/uploads\/2022\/11\/Brenner_Strom.png\" class=\"attachment-full size-full wp-image-1743\" alt=\"\" loading=\"lazy\" srcset=\"https:\/\/otakarbrenner.cz\/wp-content\/uploads\/2022\/11\/Brenner_Strom.png 9183w, https:\/\/otakarbrenner.cz\/wp-content\/uploads\/2022\/11\/Brenner_Strom-300x138.png 300w, https:\/\/otakarbrenner.cz\/wp-content\/uploads\/2022\/11\/Brenner_Strom-1024x471.png 1024w, https:\/\/otakarbrenner.cz\/wp-content\/uploads\/2022\/11\/Brenner_Strom-768x353.png 768w, https:\/\/otakarbrenner.cz\/wp-content\/uploads\/2022\/11\/Brenner_Strom-1536x706.png 1536w, https:\/\/otakarbrenner.cz\/wp-content\/uploads\/2022\/11\/Brenner_Strom-2048x942.png 2048w\" sizes=\"(max-width: 9183px) 100vw, 9183px\" \/><\/a><\/figure><div class=\"elementor-image-box-content\"><h3 class=\"elementor-image-box-title\"><a href=\"http:\/\/otakarbrenner.cz\/wp-content\/uploads\/2022\/11\/Brenner_Strom.png\" target=\"_blank\">Rodokmen Otakara Brennera<\/a><\/h3><\/div><\/div>\t\t<\/div>\n\t\t\t\t<\/div>\n\t\t\t\t\t<\/div>\n\t\t<\/div>\n\t\t\t\t\t\t\t<\/div>\n\t\t<\/section>\n\t\t\t\t<section class=\"elementor-section elementor-inner-section elementor-element elementor-element-9585a3e elementor-section-boxed elementor-section-height-default elementor-section-height-default\" data-id=\"9585a3e\" data-element_type=\"section\">\n\t\t\t\t\t\t<div class=\"elementor-container elementor-column-gap-default\">\n\t\t\t\t\t<div class=\"elementor-column elementor-col-50 elementor-inner-column elementor-element elementor-element-68b01b9\" data-id=\"68b01b9\" data-element_type=\"column\">\n\t\t\t<div class=\"elementor-widget-wrap elementor-element-populated\">\n\t\t\t\t\t\t\t\t<div class=\"elementor-element elementor-element-acca3f3 elementor-position-top elementor-vertical-align-top elementor-widget elementor-widget-image-box\" data-id=\"acca3f3\" data-element_type=\"widget\" data-widget_type=\"image-box.default\">\n\t\t\t\t<div class=\"elementor-widget-container\">\n\t\t\t<div class=\"elementor-image-box-wrapper\"><figure class=\"elementor-image-box-img\"><img width=\"768\" height=\"599\" src=\"https:\/\/otakarbrenner.cz\/wp-content\/uploads\/2022\/11\/Sken-52-b-e1667822221959-768x599.jpeg\" class=\"attachment-medium_large size-medium_large wp-image-1741\" alt=\"\" loading=\"lazy\" srcset=\"https:\/\/otakarbrenner.cz\/wp-content\/uploads\/2022\/11\/Sken-52-b-e1667822221959-768x599.jpeg 768w, https:\/\/otakarbrenner.cz\/wp-content\/uploads\/2022\/11\/Sken-52-b-e1667822221959-300x234.jpeg 300w, https:\/\/otakarbrenner.cz\/wp-content\/uploads\/2022\/11\/Sken-52-b-e1667822221959.jpeg 945w\" sizes=\"(max-width: 768px) 100vw, 768px\" \/><\/figure><div class=\"elementor-image-box-content\"><h3 class=\"elementor-image-box-title\">Pov\u011bstn\u00fd Brenner\u016fv v\u010del\u00edn z roku 1931<\/h3><\/div><\/div>\t\t<\/div>\n\t\t\t\t<\/div>\n\t\t\t\t\t<\/div>\n\t\t<\/div>\n\t\t\t\t<div class=\"elementor-column elementor-col-50 elementor-inner-column elementor-element elementor-element-180b49c\" data-id=\"180b49c\" data-element_type=\"column\">\n\t\t\t<div class=\"elementor-widget-wrap elementor-element-populated\">\n\t\t\t\t\t\t\t\t<div class=\"elementor-element elementor-element-688bd8b elementor-position-top elementor-vertical-align-top elementor-widget elementor-widget-image-box\" data-id=\"688bd8b\" data-element_type=\"widget\" data-widget_type=\"image-box.default\">\n\t\t\t\t<div class=\"elementor-widget-container\">\n\t\t\t<div class=\"elementor-image-box-wrapper\"><figure class=\"elementor-image-box-img\"><img width=\"768\" height=\"655\" src=\"https:\/\/otakarbrenner.cz\/wp-content\/uploads\/2022\/11\/Vila_Matylda--768x655.jpg\" class=\"attachment-medium_large size-medium_large wp-image-1740\" alt=\"\" loading=\"lazy\" srcset=\"https:\/\/otakarbrenner.cz\/wp-content\/uploads\/2022\/11\/Vila_Matylda--768x655.jpg 768w, https:\/\/otakarbrenner.cz\/wp-content\/uploads\/2022\/11\/Vila_Matylda--300x256.jpg 300w, https:\/\/otakarbrenner.cz\/wp-content\/uploads\/2022\/11\/Vila_Matylda--1024x874.jpg 1024w, https:\/\/otakarbrenner.cz\/wp-content\/uploads\/2022\/11\/Vila_Matylda--1536x1311.jpg 1536w, https:\/\/otakarbrenner.cz\/wp-content\/uploads\/2022\/11\/Vila_Matylda--2048x1748.jpg 2048w\" sizes=\"(max-width: 768px) 100vw, 768px\" \/><\/figure><div class=\"elementor-image-box-content\"><h3 class=\"elementor-image-box-title\"> Vila Matylda v Babic\u00edch<br> postaven\u00e1 v r.1902<\/h3><\/div><\/div>\t\t<\/div>\n\t\t\t\t<\/div>\n\t\t\t\t\t<\/div>\n\t\t<\/div>\n\t\t\t\t\t\t\t<\/div>\n\t\t<\/section>\n\t\t\t\t<section class=\"elementor-section elementor-inner-section elementor-element elementor-element-a182044 elementor-section-boxed elementor-section-height-default elementor-section-height-default\" data-id=\"a182044\" data-element_type=\"section\">\n\t\t\t\t\t\t<div class=\"elementor-container elementor-column-gap-default\">\n\t\t\t\t\t<div class=\"elementor-column elementor-col-50 elementor-inner-column elementor-element elementor-element-bb46470\" data-id=\"bb46470\" data-element_type=\"column\">\n\t\t\t<div class=\"elementor-widget-wrap elementor-element-populated\">\n\t\t\t\t\t\t\t\t<div class=\"elementor-element elementor-element-7afb273 elementor-position-top elementor-vertical-align-top elementor-widget elementor-widget-image-box\" data-id=\"7afb273\" data-element_type=\"widget\" data-widget_type=\"image-box.default\">\n\t\t\t\t<div class=\"elementor-widget-container\">\n\t\t\t<div class=\"elementor-image-box-wrapper\"><figure class=\"elementor-image-box-img\"><img width=\"768\" height=\"576\" src=\"https:\/\/otakarbrenner.cz\/wp-content\/uploads\/2022\/11\/IMG_2396-768x576.jpg\" class=\"attachment-medium_large size-medium_large wp-image-1756\" alt=\"\" loading=\"lazy\" srcset=\"https:\/\/otakarbrenner.cz\/wp-content\/uploads\/2022\/11\/IMG_2396-768x576.jpg 768w, https:\/\/otakarbrenner.cz\/wp-content\/uploads\/2022\/11\/IMG_2396-300x225.jpg 300w, https:\/\/otakarbrenner.cz\/wp-content\/uploads\/2022\/11\/IMG_2396.jpg 1000w\" sizes=\"(max-width: 768px) 100vw, 768px\" \/><\/figure><div class=\"elementor-image-box-content\"><h3 class=\"elementor-image-box-title\">Brenner\u016fv v\u010del\u00edn p\u0159ed demolic\u00ed v r. 2017<\/h3><\/div><\/div>\t\t<\/div>\n\t\t\t\t<\/div>\n\t\t\t\t\t<\/div>\n\t\t<\/div>\n\t\t\t\t<div class=\"elementor-column elementor-col-50 elementor-inner-column elementor-element elementor-element-254ed67\" data-id=\"254ed67\" data-element_type=\"column\">\n\t\t\t<div class=\"elementor-widget-wrap elementor-element-populated\">\n\t\t\t\t\t\t\t\t<div class=\"elementor-element elementor-element-12aa592 elementor-position-top elementor-vertical-align-top elementor-widget elementor-widget-image-box\" data-id=\"12aa592\" data-element_type=\"widget\" data-widget_type=\"image-box.default\">\n\t\t\t\t<div class=\"elementor-widget-container\">\n\t\t\t<div class=\"elementor-image-box-wrapper\"><figure class=\"elementor-image-box-img\"><img width=\"768\" height=\"576\" src=\"https:\/\/otakarbrenner.cz\/wp-content\/uploads\/2022\/11\/IMG_2430-768x576.jpg\" class=\"attachment-medium_large size-medium_large wp-image-1757\" alt=\"\" loading=\"lazy\" srcset=\"https:\/\/otakarbrenner.cz\/wp-content\/uploads\/2022\/11\/IMG_2430-768x576.jpg 768w, https:\/\/otakarbrenner.cz\/wp-content\/uploads\/2022\/11\/IMG_2430-300x225.jpg 300w, https:\/\/otakarbrenner.cz\/wp-content\/uploads\/2022\/11\/IMG_2430.jpg 1000w\" sizes=\"(max-width: 768px) 100vw, 768px\" \/><\/figure><div class=\"elementor-image-box-content\"><h3 class=\"elementor-image-box-title\">Brenner\u016fv v\u010del\u00edn p\u0159ed demolic\u00ed v r. 2017<\/h3><\/div><\/div>\t\t<\/div>\n\t\t\t\t<\/div>\n\t\t\t\t\t<\/div>\n\t\t<\/div>\n\t\t\t\t\t\t\t<\/div>\n\t\t<\/section>\n\t\t\t\t\t<\/div>\n\t\t<\/div>\n\t\t\t\t\t\t\t<\/div>\n\t\t<\/section>\n\t\t\t\t\t\t\t<\/div>\n\t\t","protected":false},"excerpt":{"rendered":"<p>Galerie Anna a Otakar Brennerovi v r.1936 Rodokmen Otakara Brennera Pov\u011bstn\u00fd Brenner\u016fv v\u010del\u00edn z roku 1931 Vila Matylda v Babic\u00edch postaven\u00e1 v r.1902 Brenner\u016fv v\u010del\u00edn p\u0159ed demolic\u00ed v r. 2017 Brenner\u016fv v\u010del\u00edn p\u0159ed demolic\u00ed v r. 2017<\/p>\n","protected":false},"author":1,"featured_media":0,"parent":0,"menu_order":0,"comment_status":"closed","ping_status":"closed","template":"","meta":{"site-sidebar-layout":"no-sidebar","site-content-layout":"page-builder","ast-global-header-display":"","ast-main-header-display":"","ast-hfb-above-header-display":"","ast-hfb-below-header-display":"","ast-hfb-mobile-header-display":"","site-post-title":"disabled","ast-breadcrumbs-content":"","ast-featured-img":"disabled","footer-sml-layout":"","theme-transparent-header-meta":"","adv-header-id-meta":"","stick-header-meta":"","header-above-stick-meta":"","header-main-stick-meta":"","header-below-stick-meta":""},"aioseo_notices":[],"_links":{"self":[{"href":"https:\/\/otakarbrenner.cz\/index.php?rest_route=\/wp\/v2\/pages\/1735"}],"collection":[{"href":"https:\/\/otakarbrenner.cz\/index.php?rest_route=\/wp\/v2\/pages"}],"about":[{"href":"https:\/\/otakarbrenner.cz\/index.php?rest_route=\/wp\/v2\/types\/page"}],"author":[{"embeddable":true,"href":"https:\/\/otakarbrenner.cz\/index.php?rest_route=\/wp\/v2\/users\/1"}],"replies":[{"embeddable":true,"href":"https:\/\/otakarbrenner.cz\/index.php?rest_route=%2Fwp%2Fv2%2Fcomments&post=1735"}],"version-history":[{"count":16,"href":"https:\/\/otakarbrenner.cz\/index.php?rest_route=\/wp\/v2\/pages\/1735\/revisions"}],"predecessor-version":[{"id":1760,"href":"https:\/\/otakarbrenner.cz\/index.php?rest_route=\/wp\/v2\/pages\/1735\/revisions\/1760"}],"wp:attachment":[{"href":"https:\/\/otakarbrenner.cz\/index.php?rest_route=%2Fwp%2Fv2%2Fmedia&parent=1735"}],"curies":[{"name":"wp","href":"https:\/\/api.w.org\/{rel}","templated":true}]}}